{"id":3,"date":"2025-02-28T01:36:11","date_gmt":"2025-02-28T01:36:11","guid":{"rendered":"https:\/\/saliver.bravisthemes.com\/?page_id=3"},"modified":"2026-02-26T03:36:06","modified_gmt":"2026-02-26T03:36:06","slug":"privacy-policy","status":"publish","type":"page","link":"https:\/\/socialerp.net\/?page_id=3","title":{"rendered":"Pol\u00edtica de privacidad"},"content":{"rendered":"<h5 id=\"tituloModal\" class=\"modal-title\"><strong>Politica de Privacidad website LOPD 3\/2018<\/strong><\/h5>\n<p>En SOCIAL ERP TELEGESTION, S.L. (en adelante TELEGESTI\u00d3N), en aras de preservar el precepto constitucional del derecho a la intimidad de las personas, y en cumplimiento de la normativa vigente en materia de Protecci\u00f3n de Datos de Car\u00e1cter Personal, queremos informarle a continuaci\u00f3n de la Pol\u00edtica de Privacidad implantada en la empresa.<\/p>\n<p>La navegaci\u00f3n por nuestra website,<a title=\"Link: https:\/\/www.telegestion.com\/\" href=\"https:\/\/www.telegestion.com\/\">https:\/\/telegestion.com\/<\/a>\u00a0y\u00a0<a title=\"Link: https:\/\/socialerp.net\/\" href=\"https:\/\/socialerp.net\/\" target=\"_blank\" rel=\"noopener\">https:\/\/socialerp.net\/<\/a>\u00a0o cualquiera de sus subdominios, no implica que el usuario deba suministrar informaci\u00f3n alguna respecto de si mismo. En el supuesto, que usted nos suministrara datos de car\u00e1cter personal y autorice de forma expresa para su tratamiento, estos datos ser\u00e1n recogidos en nuestra website siendo utilizados con la finalidad, las limitaciones y los derechos recogidos en la Ley Org\u00e1nica 3\/2018, de 5 de diciembre, de Protecci\u00f3n de Datos Personales y garant\u00eda de los derechos digitales, , en conexi\u00f3n con el Reglamento (UE) 2016\/679 del Parlamento Europeo y del Consejo, de 27 de abril de 2016, relativo a la protecci\u00f3n de las personas f\u00edsicas en lo que respecta al tratamiento de datos personales y a la libre circulaci\u00f3n de estos datos y por el que se deroga la Directiva 95\/46\/CE , publicado en mayo de 2016 (en adelante, LOPD 3\/2018).<\/p>\n<p>Los usuarios que faciliten datos de car\u00e1cter personal en la p\u00e1gina de Formulario Solicitar Informaci\u00f3n, consienten de forma expresa, clara, exacta e inequ\u00edvoca las condiciones, que se detallan a continuaci\u00f3n.<\/p>\n<p>Si nos proporciona datos personales para recibir a cambio informaci\u00f3n por nuestra parte o por la de nuestros distribuidores autorizados, recopilamos y almacenamos esos datos en una base con fines de marketing. Estos datos nos permiten enviarle la informaci\u00f3n que nos solicite. Si revisa o descarga informaci\u00f3n, hacemos un seguimiento de su visita. Esa informaci\u00f3n es \u00fatil, entre otras cosas, para ofrecerle informaci\u00f3n personalizada y nos proporciona informaci\u00f3n sobre las partes de la web que m\u00e1s se visitan. La informaci\u00f3n almacenada se usa para mejorar la utilidad de la web, para agilizar por ejemplo el inicio de sesi\u00f3n en las webs favoritas del usuario y para diferenciar a los usuarios y sus datos individuales.<\/p>\n<p>No vendemos ni proporcionamos la informaci\u00f3n que recopilamos o almacenamos sobre usted a terceros que no sean nuestros contratistas.<\/p>\n<p>La p\u00e1gina web puede contener enlaces a p\u00e1ginas web ajenas a\u00a0TELEGESTION.\u00a0TELEGESTION\u00a0no es responsable de las pr\u00e1cticas en cuanto a privacidad de dichas p\u00e1ginas web.<\/p>\n<p>La incorporaci\u00f3n de sus datos a un fichero de datos de car\u00e1cter personal, quedan bajo la tutela del Responsable del Fichero, TELEGESTI\u00d3N con domicilio en Madrid, con domicilio en calle Juan de Urbieta, 13, Oficina 2, 28007, as\u00ed como el tratamiento informatizado o no de los mismos con el fin de poder ser utilizados por TELEGESTI\u00d3N con una finalidad comercial, de personalizaci\u00f3n y actividades propias de su objeto social, autorizando expresamente a TELEGESTI\u00d3N para el tratamiento, almacenamiento de datos y estudios de marketing con el objetivo de personalizar sus ofertas al perfil individual del usuario.<\/p>\n<p>TELEGESTI\u00d3N mantendr\u00e1 sus datos una vez finalizada la relaci\u00f3n comercial con el usuario, exclusivamente para cumplir obligaciones legales necesarias. A su vez, proceder\u00e1 a la cancelaci\u00f3n, conforme a la normativa establecida en materia de Protecci\u00f3n de Datos de Car\u00e1cter Personal, de los datos recogidos cuando estos dejaran de ser necesarios para la finalidad para la cual fueron recabados.<\/p>\n<p>En TELEGESTI\u00d3N, le informamos que tenemos implantadas las medidas de seguridad de \u00edndole t\u00e9cnico y organizativas previstas en la normativa vigente sobre Protecci\u00f3n de Datos de Car\u00e1cter Personal, en concreto, con relaci\u00f3n a las medidas de seguridad de ficheros automatizados que contengan datos de car\u00e1cter personal, garantizando de este modo, la seguridad de los datos de car\u00e1cter personal, que usted nos facilite, evitando as\u00ed su alteraci\u00f3n, p\u00e9rdida, tratamiento y\/o acceso no autorizado.<\/p>\n<p>TELEGESTI\u00d3N se reserva el derecho de modificar la presente Pol\u00edtica de Privacidad con el objeto de adecuarla a las novedades t\u00e9cnico-legislativas o jurisprudenciales que pudieran aprobadas por los estamentos oportunos, as\u00ed como, por motivos estrat\u00e9gicos y\/o corporativos. Para lo cual, TELEGESTI\u00d3N se compromete a solicitar el consentimiento necesario de los afectados para realizar los tratamientos requeridos, cuando \u00e9ste no se considerase otorgado anteriormente con arreglo a los t\u00e9rminos de la presente Pol\u00edtica de Privacidad.<\/p>\n<p>TELEGESTI\u00d3N no ceder\u00e1 ni proporcionar\u00e1 los datos de car\u00e1cter personal recogidos a ninguna de sus afiliados y\/o empresas asociadas comercialmente a menos que se obtenga una autorizaci\u00f3n expresa, clara, exacta e inequ\u00edvoca del usuario.<\/p>\n<p>Asimismo, el usuario de Internet reconoce y acuerda que TELEGESTI\u00d3N, no asume ninguna clase de responsabilidad respecto al uso y tratamiento de la informaci\u00f3n de car\u00e1cter personal o cualquier acci\u00f3n que afecte la confidencialidad o integridad de la misma procedente de terceros que no se encuentren bajo la responsabilidad de TELEGESTI\u00d3N.<\/p>\n<p>Los usuarios cuyos datos sean objeto de tratamiento pueden ejercitar gratuitamente los derechos de acceso, rectificaci\u00f3n, cancelaci\u00f3n y oposici\u00f3n de sus datos y revocaci\u00f3n de su autorizaci\u00f3n en los t\u00e9rminos especificados en el LOPD 3\/2018, de Protecci\u00f3n de Datos de Car\u00e1cter Personal, conforme al procedimiento legalmente establecido. Estos derechos podr\u00e1n ser ejercitados dirigiendo comunicaci\u00f3n por escrito a la siguiente direcci\u00f3n:<\/p>\n<p>SOCIAL ERP TELEGESTION, S.L.<\/p>\n<p>C\/ Juan de Urbieta, 13, Oficina 2<\/p>\n<p>28007 MADRID<\/p>\n<p>El acceso a la website de TELEGESTI\u00d3N, puede implicar la utilizaci\u00f3n de cookies durante la navegaci\u00f3n por las p\u00e1ginas de la website\u00a0<a title=\"Link: https:\/\/www.telegestion.com\/\" href=\"https:\/\/www.telegestion.com\/\">https:\/\/telegestion.com\/<\/a>\u00a0y\u00a0<a title=\"Link: http:\/\/socialerp.net\/\" href=\"https:\/\/socialerp.net\/\" target=\"_blank\" rel=\"noopener\">https:\/\/socialerp.net\/<\/a>\u00a0Las cookies tienen, generalmente, una duraci\u00f3n limitada en el tiempo. Las cookies se asocian con el navegador de un ordenador determinado, y no proporcionan por s\u00ed datos personales del Usuario de Internet. En TELEGESTI\u00d3N pretendemos informar al usuario para su protecci\u00f3n personal ante esta clase de archivos Cookie, el Usuario tiene la posibilidad de configurar su navegador para ser avisado en pantalla de la recepci\u00f3n de cookies y para impedir la instalaci\u00f3n de cookies en su disco duro. Recomendamos la consulta de las instrucciones y manuales de su navegador para ampliar \u00e9sta informaci\u00f3n. Para utilizar la website,\u00a0<a title=\"Link: https:\/\/telegestion.com\/\" href=\"https:\/\/telegestion.com\/\">https:\/\/telegestion.com\/<\/a>\u00a0|\u00a0<a title=\"Link: https:\/\/socialerp.net\/\" href=\"https:\/\/socialerp.net\/\" target=\"_blank\" rel=\"noopener\">https:\/\/socialerp.net\/<\/a>\u00a0no resulta necesario que el Usuario permita la instalaci\u00f3n de las cookies enviadas por TELEGESTI\u00d3N.<\/p>\n<p>El usuario de Internet entiende que acepta las condiciones establecidas de forma clara, expresa e inequ\u00edvoca en la Pol\u00edtica de PRIVACIDAD precedente, seleccionando la opci\u00f3n a tal efecto que se encuentra en el formulario de Solicitar Informaci\u00f3n. De otra manera, el formulario no podr\u00e1 ser enviado.<\/p>\n","protected":false},"excerpt":{"rendered":"<p>Politica de Privacidad website LOPD 3\/2018 En SOCIAL ERP TELEGESTION, S.L. (en adelante TELEGESTI\u00d3N), en aras de preservar el precepto constitucional del derecho a la intimidad de las personas, y en cumplimiento de la normativa vigente en materia de Protecci\u00f3n de Datos de Car\u00e1cter Personal, queremos informarle a continuaci\u00f3n de la Pol\u00edtica de Privacidad implantada [&hellip;]<\/p>\n","protected":false},"author":1,"featured_media":0,"parent":0,"menu_order":0,"comment_status":"closed","ping_status":"open","template":"","meta":{"footnotes":""},"class_list":["post-3","page","type-page","status-publish","hentry"],"_links":{"self":[{"href":"https:\/\/socialerp.net\/index.php?rest_route=\/wp\/v2\/pages\/3","targetHints":{"allow":["GET"]}}],"collection":[{"href":"https:\/\/socialerp.net\/index.php?rest_route=\/wp\/v2\/pages"}],"about":[{"href":"https:\/\/socialerp.net\/index.php?rest_route=\/wp\/v2\/types\/page"}],"author":[{"embeddable":true,"href":"https:\/\/socialerp.net\/index.php?rest_route=\/wp\/v2\/users\/1"}],"replies":[{"embeddable":true,"href":"https:\/\/socialerp.net\/index.php?rest_route=%2Fwp%2Fv2%2Fcomments&post=3"}],"version-history":[{"count":1,"href":"https:\/\/socialerp.net\/index.php?rest_route=\/wp\/v2\/pages\/3\/revisions"}],"predecessor-version":[{"id":7536,"href":"https:\/\/socialerp.net\/index.php?rest_route=\/wp\/v2\/pages\/3\/revisions\/7536"}],"wp:attachment":[{"href":"https:\/\/socialerp.net\/index.php?rest_route=%2Fwp%2Fv2%2Fmedia&parent=3"}],"curies":[{"name":"wp","href":"https:\/\/api.w.org\/{rel}","templated":true}]}}